


{"id":34,"date":"2025-05-16T12:28:18","date_gmt":"2025-05-16T12:28:18","guid":{"rendered":"https:\/\/yangminha.com\/?page_id=34"},"modified":"2025-08-10T07:58:38","modified_gmt":"2025-08-10T07:58:38","slug":"cv","status":"publish","type":"page","link":"https:\/\/yangminha.com\/?page_id=34","title":{"rendered":"CV"},"content":{"rendered":"\n<p>2008.03~\ud604\uc7ac \uc11c\uc6b8\uc2dc\ub9bd\ub300\ud559\uad50 \ub514\uc790\uc778\uc804\ubb38\ub300\ud559\uc6d0 \uc0b0\uc5c5\ub514\uc790\uc778\ud559\uacfc \uad50\uc218<br>2006.09~2008.01 \uba85\uc9c0\ub300\ud559\uad50 \ub514\uc790\uc778\ud559\ubd80 \uc601\uc0c1\ub514\uc790\uc778\uc804\uacf5 \uad50\uc218<br>2004.09~2006.01 \u321c\ud50c\ub7ec \ub300\ud45c\uc774\uc0ac<br>1995.03~2004.02 \uc11c\uc6b8\ub300 \uc0b0\uc5c5\ub514\uc790\uc778\uacfc \uc2dc\uac01\ub514\uc790\uc778 \uc601\uc0c1\uc804\uacf5 \uc878\uc5c5 \ubc0f \ub3d9\ub300\ud559\uc6d0 \uc878\uc5c5<\/p>\n\n\n\n<p><strong>\uc218\uc0c1 \uc2e4\uc801<\/strong><br>2024.02 COEX \uc5b8\ub354\uc6d4\ub4dc \ud30c\ub178\ub77c\ub9c8 \ub9ac\ub274\uc5bc, \ub3c5\uc77c iF \uc5b4\uc6cc\ub4dc \uc218\uc0c1<br>2021.08 \uc778\ucc9c\uacf5\ud56d \ud0a4\ub124\ud2f1 \uc870\uac01, \ub808\ub4dc\ub2f7(\ub3c5\uc77cRedDot) Winner<br>2020.08 \uc0bc\uc131\uc804\uc790 Infinity Tower \uad11\uad50 \uac24\ub7ec\ub9ac\uc544, Spacial Design \ub808\ub4dc\ub2f7(\ub3c5\uc77cRedDot) Winner<br>2019.08  Italia A Design Award Iron award<br>2014.10 \uc624\ub298\uc758 \uc80a\uc740 \uc608\uc220\uac00\uc0c1 \ubbf8\uc220\ubd80\ubb38 (\ubb38\uccb4\ubd80 \uc7a5\uad00\uc0c1) \uc218\uc0c1<br>2004.07 2004 ASIA DIGITAL ART AWARD (Fukuoka \/ Asian) EXCELLENCE Award<br>2003.07 2003 ASIA DIGITAL ART AWARD (Fukuoka \/ Asian) Honorable mention<br>2002.11 Canon Digital Creators Contest 2002 (Tokyo \/ International) BRONZE award<br>2002.07 2002 ASIA DIGITAL ART AWARD (Fukuoka \/ Asian) EXCELLENCE Award<br>2001.11 Canon Digital Creators Contest 2001 (Tokyo \/ International) CANON award<br>2001.08 2001 ASIA DIGITAL ART AWARD (Fukuoka \/ Asian) FINAL prize<\/p>\n\n\n\n<p><\/p>\n\n\n\n<p><strong>\uc8fc\uc694 \ud504\ub85c\uc81d\ud2b8 \/ \uc791\ud488<\/strong><br>2020 \uc0bc\uc131\uc804\uc790 Infinity Tower \uad11\uad50 \uac24\ub7ec\ub9ac\uc544 \/ \uc0bc\uc131\uc804\uc790 \/ \uc18c\ud504\ud2b8\uc6e8\uc5b4 \uac1c\ubc1c \/ \uac10\ub3c5<\/p>\n\n\n\n<figure class=\"wp-block-image size-full is-resized\"><img loading=\"lazy\" decoding=\"async\" width=\"574\" height=\"383\" src=\"https:\/\/yangminha.com\/wp-content\/uploads\/2025\/08\/image.jpeg\" alt=\"\" class=\"wp-image-221\" style=\"width:650px;height:auto\" srcset=\"https:\/\/yangminha.com\/wp-content\/uploads\/2025\/08\/image.jpeg 574w, https:\/\/yangminha.com\/wp-content\/uploads\/2025\/08\/image-300x200.jpeg 300w\" sizes=\"auto, (max-width: 574px) 100vw, 574px\" \/><\/figure>\n\n\n\n<p>2016.8 \uc0bc\uc131\uc804\uc790 &#8220;\ubbf8\ub514\uc5c4&#8221; Intelligent TV Interaction Project \/ Artist, Developer<br><\/p>\n\n\n\n<p>2015.8 \uc0bc\uc131 &#8220;\ubbf8\ub514\uc5b4\uc2a4\ud018\uc5b4&#8221; Intelligent Multi-Screen Devices Environment Project \/ Artist, Developer \/ SAMSUNG<br><\/p>\n\n\n\n<p>2018.09 &#8220;Spiegel Pillar&#8221; \/ Hyundai Department Store (Samsung)<br>\ud604\ub300\ubc31\ud654\uc810 \uc0bc\uc131\uc5ed \uc810\uc5d0 \uc124\uce58\ub41c \uc778\ud130\ub799\ud2f0\ube0c \ubbf8\ub514\uc5b4 \uc124\uce58\uc791\ud488\uc73c\ub85c, EASYWITH\uc640 \ucf5c\ub77c\ubcf4\ub808\uc774\uc158 \ud504\ub85c\uc81d\ud2b8. 2019\ub144\uc5d0 \uc774\ud0c8\ub9ac\uc544 A Design Award Iron award \uc218\uc0c1<\/p>\n\n\n\n<p>2011~2012 Meditation Series \/ exhibited in NYC, SFO, SPO, Seoul \/ INTEL, VICE (The Creators Project)<\/p>\n\n\n\n<figure class=\"wp-block-image size-full\"><img loading=\"lazy\" decoding=\"async\" width=\"903\" height=\"516\" src=\"https:\/\/yangminha.com\/wp-content\/uploads\/2025\/08\/image-2.jpeg\" alt=\"\" class=\"wp-image-223\" srcset=\"https:\/\/yangminha.com\/wp-content\/uploads\/2025\/08\/image-2.jpeg 903w, https:\/\/yangminha.com\/wp-content\/uploads\/2025\/08\/image-2-300x171.jpeg 300w, https:\/\/yangminha.com\/wp-content\/uploads\/2025\/08\/image-2-768x439.jpeg 768w\" sizes=\"auto, (max-width: 903px) 100vw, 903px\" \/><\/figure>\n\n\n\n<p>2014~2018 &#8220;\ub6f0\ub294 \uc5ec\uc778\ub4e4&#8221; \uc2dc\ub9ac\uc988 \/ exhibited in UN, NYC, Paris, Elektra<br>&#8220;\ub6f0\ub294 \uc5ec\uc778\ub4e4&#8221;\uc740 \uc218\ud559\uc801 \uacc4\uc0b0\uc5d0 \uc758\ud574 \uc0dd\uc131\ub41c \uc2dc\uac01\uc801 \ubcc0\ud654\uc5d0 \ub300\ud55c \uc791\ud488\uc73c\ub85c UN\uacfc \ud504\ub791\uc2a4 \uc7a5\uc2dd\ubbf8\uc220\uad00, \ubaac\ud2b8\ub9ac\uc62c ELEKTRA \ube44\uc5d4\ub0a0\ub808 \ub4f1 \ub9ce\uc740 \uc804\uc2dc\uc5d0 \ucd08\uccad<\/p>\n\n\n\n<figure class=\"wp-block-image size-full\"><img loading=\"lazy\" decoding=\"async\" width=\"903\" height=\"469\" src=\"https:\/\/yangminha.com\/wp-content\/uploads\/2025\/08\/image-3.jpeg\" alt=\"\" class=\"wp-image-225\" srcset=\"https:\/\/yangminha.com\/wp-content\/uploads\/2025\/08\/image-3.jpeg 903w, https:\/\/yangminha.com\/wp-content\/uploads\/2025\/08\/image-3-300x156.jpeg 300w, https:\/\/yangminha.com\/wp-content\/uploads\/2025\/08\/image-3-768x399.jpeg 768w\" sizes=\"auto, (max-width: 903px) 100vw, 903px\" \/><\/figure>\n\n\n\n<p>2017.09 &#8220;\uc9d1+\uc801&#8221; \ub974\uba54\ub974\ub514\uc559 \ud638\ud154 \uc11c\uc6b8 Entrance LED Sculpture : Artist \/ Ritz Carlton Hotel Seoul<\/p>\n\n\n\n<figure class=\"wp-block-image size-full\"><img loading=\"lazy\" decoding=\"async\" width=\"902\" height=\"471\" src=\"https:\/\/yangminha.com\/wp-content\/uploads\/2025\/08\/image-1.jpeg\" alt=\"\" class=\"wp-image-222\" srcset=\"https:\/\/yangminha.com\/wp-content\/uploads\/2025\/08\/image-1.jpeg 902w, https:\/\/yangminha.com\/wp-content\/uploads\/2025\/08\/image-1-300x157.jpeg 300w, https:\/\/yangminha.com\/wp-content\/uploads\/2025\/08\/image-1-768x401.jpeg 768w\" sizes=\"auto, (max-width: 902px) 100vw, 902px\" \/><\/figure>\n\n\n\n<p>2016.11 &#8220;\ud574\uccb4\ub41c \uc0ac\uc720\uc640 \ub098\uc5f4\ub41c \uc5b8\uc5b4&#8221; \/ SK Artcenter Nabi<br>\uba38\uc2e0\ub7ec\ub2dd \uc54c\uace0\ub9ac\uc998\uc778 LSTM-RNN\uc744 \uc774\uc6a9\ud574 \ucca0\ud559\uac00\uc758 \uae00\uc744 \ud559\uc2b5\uc2dc\ud0a4\uace0 \uae30\uacc4\uac00 \uae30\uacc4 \uc790\uc2e0\uc5d0 \ub300\ud55c \uc11c\uc220\uc744 \ud558\ub3c4\ub85d \uc720\ub3c4\ud558\ub294 \uc791\ud488\uc774\ub2e4. \uae30\uacc4\uac00 \uc0ac\uc720\ub97c \ud560 \uc218 \uc788\ub294\uc9c0, \uadf8\ub807\ub2e4\uba74 \uc778\uac04\uc758 \uc0ac\uc720\uc640\ub294 \uc5b4\ub5bb\uac8c \ub2e4\ub978 \uac83\uc778\uc9c0 \ud655\uc778\ud558\uace0 \uc0ac\uc720\uc758 \ubcf8\uc9c8\uc5d0 \ub300\ud574 \uc9c8\ubb38\ud558\ub294 \uc791\ud488<\/p>\n\n\n\n<figure class=\"wp-block-image size-full\"><img loading=\"lazy\" decoding=\"async\" width=\"952\" height=\"497\" src=\"https:\/\/yangminha.com\/wp-content\/uploads\/2025\/08\/image.png\" alt=\"\" class=\"wp-image-226\" srcset=\"https:\/\/yangminha.com\/wp-content\/uploads\/2025\/08\/image.png 952w, https:\/\/yangminha.com\/wp-content\/uploads\/2025\/08\/image-300x157.png 300w, https:\/\/yangminha.com\/wp-content\/uploads\/2025\/08\/image-768x401.png 768w\" sizes=\"auto, (max-width: 952px) 100vw, 952px\" \/><\/figure>\n\n\n\n<p><\/p>\n\n\n\n<p><\/p>\n\n\n\n<p><strong>\uc8fc\uc694\uac1c\uc778\uc804<\/strong><br>2023 &lt;\ubb34\ud55c\ud788 \uc7ac\uc0dd\uc131\ud558\ub294 &gt; \uc544\ud2b8\uc2a4\ud398\uc774\uc2a4\uac15\ub0a8, \uc11c\uc6b8, \ud55c\uad6d<br>2023 &lt;Circular Forms &gt; \ub354\uc2a4\ud018\uc5b4, \uc11c\uc6b8, \ud55c\uad6d<br>2022 &lt;Being\u00b7\ube59\u00b7\u6c37&gt; K-Pop \uc2a4\ud018\uc5b4 \uc0bc\uc131\uc5ed, \uc11c\uc6b8, \ud55c\uad6d<br>2021 &lt;\uacc4\uc0b0\ub41c \ube5b\uc758 \uc720\ub3d9&gt; \uccad\uc8fc\uc2dc\ub9bd\ubbf8\uc220\uad00 \uc624\ucc3d\uc804\uc2dc\uad00, \uc624\ucc3d, \ud55c\uad6d<br>2021 &lt;A Garden 2021&gt; \ud604\ub300\ubc31\ud654\uc810 \uc0bc\uc131\uc5ed\uc810 \ud30c\uc0ac\ub4dc, \uc11c\uc6b8, \ud55c\uad6d<br>2020 \uc5d4\uc528\uc18c\ud504\ud2b8 \ubcf8\uc0ac, \uc11c\uc6b8, \ud55c\uad6d<br>2016 &lt;\ub6f0\ub294 \uc5ec\uc778\ub4e4&gt; La Cin\u00e9math\u00e8que Qu\u00e9b\u00e9coise, \ubaac\ud2b8\ub9ac\uc62c, \uce90\ub098\ub2e4<\/p>\n\n\n\n<p><strong>\uc8fc\uc694\uadf8\ub8f9\uc804<\/strong><br>2024 &lt;\ub2eb\ud78c \uc0dd\uba85\ud65c\ub3d9&gt; Stand alone, \uac24\ub7ec\ub9ac\uc5d0\uc2a4\ud53c, \ud55c\uad6d<br>2023 &lt;\uae30\ub465 \uc704\uc758 \ub3c4\uc2dc&gt; Cabinet of Ephemerality, \uc544\ud2b8\uc13c\ud130\ub098\ube44, \ud55c\uad6d<br>2023 &lt;Being\u00b7\ube59\u00b7\u6c37&gt; \ub514\uc9c0\ud138\ucee4\ub125\uc158, \ud3ec\ud56d\uc2dc\ub9bd\ubbf8\uc220\uad00, \ud55c\uad6d<br>2023 &lt;\uc11d\ud638&gt; \ud30c\ub77c\ub2e4\uc774\uc2a4\uc544\ud2b8\ub7a9, \ud30c\ub77c\ub2e4\uc774\uc2a4\uc2dc\ud2f0, \ud55c\uad6d<br>2023 &lt;\uacf5\uc0dd&gt; Future Voyage, SAT \ubaac\ud2b8\ub9ac\uc62c, \uce90\ub098\ub2e4<br>2023 &lt;\ubd88\uba85\ud655\ud55c \ub3d9\uc138\uc758 \uc120\ub4e4&gt; Port to the new era, \uc778\ucc9c\uad6d\uc81c\uacf5\ud56d, \ud55c\uad6d<br>2023 &lt;\uae30\ub465 \uc704\uc758 \ub3c4\uc2dc&gt; \ubd88\uc548\ud55c \uacbd\uacc4, \uce94\ud30c\uc6b4\ub370\uc774\uc158, \ud55c\uad6d<br>2022 &lt;\ub3d9\uc138 092&gt; \ucfe0\ud0a4, \uc218\uc6d0\ud654\uc131\ud589\uad81, \ud55c\uad6d<br>2022 &lt;\uacf5\uc0dd&gt; SPACE SYMPHONY, \ud30c\ub77c\ub2e4\uc774\uc2a4\uc2dc\ud2f0 \uc544\ud2b8\uc2a4\ud398\uc774\uc2a4, \ud55c\uad6d<br>2022 &lt;Being\u00b7\ube59\u00b7\u6c37&gt; \ucc2c\ub780\ud558\uac8c \uc6b8\ub9ac\ub294, \uc218\uc6d0\uc2dc\ub9bd\uc544\ud2b8\uc2a4\ud398\uc774\uc2a4\uad11\uad50, \ud55c\uad6d<br>2022 &lt;\ubd88\uba85\ud655\ud55c \ub3d9\uc138\uc758 \uc120\ub4e4&gt; Era to the new port, \uc778\ucc9c\uacf5\ud56d, \ud55c\uad6d<br>2021 &lt;\uc0dd\uacbd\ud55c \uae30\uc5b5&gt; \uc138\uc885\ud604\ub300\ubaa8\ud130\uac24\ub7ec\ub9ac, \uc11c\uc6b8, \ud55c\uad6d<br>2021 &lt;Unified&gt; \uad11\uc8fc\ub514\uc790\uc778\ube44\uc5d4\ub0a0\ub808, \uad11\uc8fc, \ud55c\uad6d<br>2021 &lt;\ud3c9\ub4f1\ud55c,\ub300\uce6d\uc801 \ub300\ud654&gt; DMZ \uc81c\uc9c4\uc5ed, \uace0\uc131, \ud55c\uad6d<br>2020 &lt;\uc778\ud53c\ub2c8\ud2f0\ud0c0\uc6cc&gt; \uad11\uad50\uac24\ub7ec\ub9ac\uc544 \uc0bc\uc131\uc804\uc790, \uad11\uad50, \ud55c\uad6d<br>2020 &lt;\ud574\uccb4\ub41c\uc0ac\uc720\uc640 \ub098\uc5f4\ub41c\uc5b8\uc5b4&gt; \ub300\uc804\ube44\uc5d4\ub0a0\ub808 2020, \ub300\uc804, \ud55c\uad6d<br>2020 &lt;\ub3c4\uc2dc\ud48d\uacbd #4&gt; Unfold X, \uc11c\uc6b8, \ud55c\uad6d<br>2019 &lt;\ube5b\uc758 \uc0dd\uc131\uc801 \ud45c\ud604&gt; \uacbd\ub0a8\ub3c4\ub9bd\ubbf8\uc220\uad00, \uc9c4\uc8fc, \ud55c\uad6d<br>2018 &lt;\ub3c4\uc2dc\ud48d\uacbd&gt; \uad11\uc8fc\uc2dc\ub9bd\ubbf8\uc220\uad00, \uad11\uc8fc, \ud55c\uad6d<br>2017 &lt;\uc9d1+\uc801&gt; \ub974\uba54\ub974\ub514\uc559 \ud638\ud154, \uc11c\uc6b8, \ud55c\uad6d<br>2018 &lt;\ub6f0\ub294 \uc5ec\uc778\ub4e42018&gt; Ars Electronica 2018, \ub9b0\uce20, \uc624\uc2a4\ud2b8\ub9ac\uc544<br>2017 &lt;\uc2dc\uac01\uc801 \uac15\ud654\ud65c\ub3d9&gt; M Contemporary, \uc11c\uc6b8, \ud55c\uad6d<br>2016 &lt;\ud574\uccb4\ub41c \uc0ac\uc720\uc640 \ub098\uc5f4\ub41c \uc5b8\uc5b4&gt; SK \uc544\ud2b8\uc13c\ud130 \ub098\ube44, \uc11c\uc6b8, \ud55c\uad6d<br>2016 &lt;\ucd08\uc0c1 2016&gt; ELEKTRA, \ubaac\ud2b8\ub9ac\uc62c, \uce90\ub098\ub2e4<br>2015 &lt;\ubb35\uc0c1 2015&gt; FILE \ud398\uc2a4\ud2f0\ubc1c, \uc0c1\ud30c\uc6b8\ub85c, \ube0c\ub77c\uc9c8<br>2015 &lt;\ub6f0\ub294 \uc5ec\uc778\ub4e4 2015&gt; \uc7a5\uc2dd\ubbf8\uc220\uad00, \ud30c\ub9ac, \ud504\ub791\uc2a4<br>2015 &lt;\uae30\uc5b5\uc758 \ud48d\uacbd&gt; &lt;\uae30\uc5b5\ud0c1\uc790&gt; \ud604\ub300 \ube0c\ub9b4\ub9ac\uc5b8\ud2b8 \uba54\ubaa8\ub9ac\uc988, \uc11c\uc6b8, \ud55c\uad6d<br>2013 &lt;\uc5c7\uac08\ub9b0 \uacb0, \uac1c\uc785&gt;\uad6d\ub9bd\ud604\ub300\ubbf8\uc220\uad00 \uc11c\uc6b8\uad00 \uac1c\uad00\uc804, \uc11c\uc6b8, \ud55c\uad6d<br>2012 &lt;\ube44\uc120\ud615\uc801 \ucd95\uc801&gt; \ud559\uace0\uc7ac, \uc11c\uc6b8, \ud55c\uad6d<br>2012 &lt;\ubb35\uc0c1 1008~&gt; \ud06c\ub9ac\uc5d0\uc774\ud130\uc2a4 \ud504\ub85c\uc81d\ud2b8, \uc0c1\ud30c\uc6b8\ub85c \ub274\uc695 \uc0cc\ud504\ub780\uc2dc\uc2a4\ucf54 \uc11c\uc6b8, \ube0c\ub77c\uc9c8 \ubbf8\uad6d \ud55c\uad6d<br>2011 &lt;\ubb35\uc0c1 1401~&gt; \ubc31\ub0a8\uc900\uc544\ud2b8\uc13c\ud130, \uc6a9\uc778, \ud55c\uad6d<br>2011 &lt;37\u00b033\u2018 126\u00b059\u2019&gt; \uc11c\uc6b8\uc2a4\ud018\uc5b4, \uc11c\uc6b8, \ud55c\uad6d<br>2010 &lt;\uccab \ubc88\uc9f8 \ubb35\uc0c1&gt; \uc5e5\uaca1\ub808\ubc45 \uc544\ud2b8\uc13c\ud130, \uc5e5\uaca1\ub808\ubcb5, \ud504\ub791\uc2a4<br>2009 &lt;\ub9c8\uc774\ud074\uc758 \ub180\uc774\uce5c\uad6c\ub4e4&gt; \uc11c\uc6b8\uc2dc\ub9bd\ubbf8\uc220\uad00, \uc11c\uc6b8, \ud55c\uad6d<br>2007 &lt;\uac00\ub4e0&gt; \uccb4\ucf54\ud604\ub300\ubbf8\uc220\uad00, \ud504\ub77c\ud558, \uccb4\ucf54<br>2007 &lt;\uac00\ub4e0 2006&gt; Spain ARCO Biennale, \ub9c8\ub4dc\ub9ac\ub4dc, \uc2a4\ud398\uc778<br>2006 &lt;\uac00\ub4e0 2006&gt; &lt;\ubabd 2006&gt; \uc0bc\uc131\ub9ac\uc6c0, \uc11c\uc6b8, \ud55c\uad6d<br>2003 &lt;\ucc3d&gt; \uc758\uc815\ubd80 \uad6d\uc81c \ubbf8\ub514\uc5b4\uc544\ud2b8 \ud398\uc2a4\ud2f0\ubc1c, \uc758\uc815\ubd80, \ud55c\uad6d<br>2002 &lt;A GARDEN&gt; \uba40\ud2f0\ubbf8\ub514\uc5b4 \uc544\ud2b8 \uc544\uc2dc\uc544 \ud37c\uc2dc\ud53d, \ubca0\uc774\uc9d5, \uc911\uad6d<br>2002 &lt;A GARDEN&gt; \uc81c2\ud68c \uc11c\uc6b8 \uad6d\uc81c \ubbf8\ub514\uc5b4 \uc544\ud2b8 \ube44\uc5d4\ub0a0\ub808, \uc11c\uc6b8, \ud55c\uad6d<\/p>\n\n\n\n<p><\/p>\n\n\n\n<p><strong>Prize<br><\/strong>2021.08 Incheon Airport Kinetic Sculpture, RedDot Winner<br>2020.08 Samsung Infinity Tower Gwanggyo Galleria, Spacial Design RedDot Winner<br>2019.08  Italia A Design Award Iron award<br>2014.10 2014 Young Artist Award, Art Division<br>2004.07 2004 ASIA DIGITAL ART AWARD (in Fukuoka \/ Asian) EXCELLENCE Award<br>2003.07 2003 ASIA DIGITAL ART AWARD (in Fukuoka \/ Asian) Honorable mention<br>2002.11 Canon Digital Creators Contest 2002 (in Tokyo \/ International) BRONZE award<br>2002.07 2002 ASIA DIGITAL ART AWARD (in Fukuoka \/ Asian) EXCELLENCE Award<br>2001.11 Canon Digital Creators Contest 2001 (in Tokyo \/ International) CANON award<br>2001.08 2001 ASIA DIGITAL ART AWARD (in Fukuoka \/ Asian) FINAL prize<\/p>\n\n\n\n<p><strong>Education<\/strong><br>MFA Visual Design Major, Graduate School of Design, Seoul National University, Seoul, KOREA<br>BFA Department of Design, Seoul National University, Seoul, KOREA<br><\/p>\n\n\n\n<p><strong>Selected Solo Exhibitions<br><\/strong>2023 &lt;Unlimited Re-generation&gt; Artspace Gangnam, Seoul, KOREA<br>2023 &lt;Circular Forms &gt; The Square, Seoul, KOREA<br>2022 &lt;Being \ube59 \u6c37&gt; K-Pop Square, Seoul, KOREA<br>2021 &lt;Calculated Flows of Light&gt; Ochang Hall (CheongJu Museum of Art), Ochang, KOREA<br>2021 &lt;A Garden 2021&gt; Hyundai Department Store Fa\u00e7ade Media, Seoul, KOREA<br>2020 &lt;MIXED DIMENSION&gt; NC SOFT, Seoul, KOREA<br>2016 &lt;Running Women&gt; La Cin\u00e9math\u00e8que Qu\u00e9b\u00e9coise, Montreal, CANADA<br><\/p>\n\n\n\n<p><strong>Selected Group Exhibitions<\/strong><br>2024 &lt;Closed-loop life activity&gt; Stand alone, Gallery SP, KOREA<br>2023 &lt;A city on a pillar&gt; Cabinet of Ephemerality, Art center Nabi, KOREA<br>2023 &lt;Being\u00b7\ube59\u00b7\u6c37&gt; Digital Connection, POMA, KOREA<br>2023 &lt;\uc11d\ud638&gt; Paradise Art Lab, ParadiseCity, KOREA<br>2023 &lt;\uacf5\uc0dd&gt; Future Voyage, SAT Montreal, CANADA<br>2023 &lt;Lines in ambiguous motion&gt; Port to the new era, Incheon Intl\u2019 Airport, KOREA<br>2023 &lt; A city on a pillar&gt; Uncertain Threshold, Can Foundation, KOREA<br>2022 &lt;Running 092&gt; Cookie, Suwon Hwasung Haenggung, KOREA<br>2022 &lt;Symbiosis&gt; SPACE SYMPHONY, ParadiseCity Artspace, KOREA<br>2022 &lt;Being\u00b7\ube59\u00b7\u6c37&gt; Radiant Echoes, Suwon Art Space Gwanggyo, KOREA<br>2022 &lt;Lines in Ambiguous Motion&gt; Era to the new port, Incheon airport, KOREA<br>2021 &lt;Unfamiliar Memories&gt; Sejong Hyundai Motor Gallery, Seoul, KOREA<br>2021 &lt;Unified&gt; Gwangju Design Biennale, Gwangju, KOREA<br>2021 &lt;Parallel &amp; Symmetric Dialogue&gt; DMZ Jejin Station, Goseong, KOREA<br>2020 &lt;Infinity Tower&gt; Gwanggyo Galleria, Ganggyo, KOREA<br>2020 &lt;The listed words and the fragmented meanings&gt; Daejeon Biennale, Daejeon, KOREA<br>2020 &lt;Cityscape #4&gt; Unfold X, Seoul, KOREA<br>2019 &lt;A study of generative light expression&gt; Gyeongnam Art Museum, Jinju, KOREA<br>2018 &lt;Cityscape&gt; Gwangju Museum of Art, Gwangju, KOREA<br>2017 &lt;Accumulation&gt; Le Meridien Seoul, Seoul, KOREA<br>2018 &lt;Running Women 2018&gt; Ars Electronica 2018, Linz, Austria<br>2017 &lt;Visual Reinforcement Activity&gt; M Contemporary, Seoul, KOREA<br>2016 &lt;The listed words and the fragmented meanings&gt; SK Art Center Nabi, Seoul, KOREA<br>2016 &lt;Portrait 2016&gt; ELEKTRA, Montreal, CANADA<br>2015 &lt;Meditation 2015&gt; FILE Festival, SPO, Brazil<br>2015 &lt;Running Women 2015&gt; Les Arts D\u00e9coratifs, Paris, France<br>2015 &lt;The scenery in memories&gt; Hyundai Motor Company, Seoul, KOREA<br>2013 &lt;Misalignment, Intervention&gt; Museum of Modern and Contemporary Art Seoul, Seoul, KOREA<br>2012 &lt;Nonlinear accumulation &gt; Hakgojae, Seoul, KOREA<br>2012 &lt;Meditation 1008~&gt; The Creators\u2019 Project, SPO SFO NYC Seoul, Brazil USA KOREA<br>2011 &lt;Meditation 1401~&gt; NJP Art Center, Yongin, KOREA<br>2011 &lt;37\u00b033\u2018 126\u00b059\u2019&gt; Seoul Square, Seoul, KOREA<br>2010 &lt;First Meditation&gt; Centre Des Arts Enghien-Les-Bains, Enghien-Les-Bains, France<br>2009 &lt;Michael\u2019s Playmates&gt; Seoul Museum of Art, Seoul, KOREA<br>2007 &lt;A Garden&gt; The Prague Contemporary Art Festival Tina-b., Prague, Czech of Rep.<br>2007 &lt;A Garden 2006&gt; Spain ARCO Biennale, Madrid, Spain<br>2006 &lt;A Garden 2006&gt; &lt;Dream 2006&gt; LEEUM, Seoul, KOREA<br>2003 &lt;Window&gt; Euijungbu International Media Art Festival, Euijungbu, KOREA<br>2002 &lt;A GARDEN&gt; MAAP:Multimedia Art Asia Pacific, Beijing, China<br>2002 &lt;A GARDEN&gt; 2nd Seoul International Media Art Biennale, Seoul, KOREA<\/p>\n","protected":false},"excerpt":{"rendered":"<p>2008.03~\ud604\uc7ac \uc11c\uc6b8\uc2dc\ub9bd\ub300\ud559\uad50 \ub514\uc790\uc778\uc804\ubb38\ub300\ud559\uc6d0 \uc0b0\uc5c5\ub514\uc790\uc778\ud559\uacfc \uad50\uc2182006.09~2008.01 \uba85\uc9c0\ub300\ud559\uad50 \ub514\uc790\uc778\ud559\ubd80 \uc601\uc0c1\ub514\uc790\uc778\uc804\uacf5 \uad50\uc2182004.09~2006.01 \u321c\ud50c\ub7ec \ub300\ud45c\uc774\uc0ac1995.03~2004.02 \uc11c\uc6b8\ub300 \uc0b0\uc5c5\ub514\uc790\uc778\uacfc \uc2dc\uac01\ub514\uc790\uc778 \uc601\uc0c1\uc804\uacf5 \uc878\uc5c5 \ubc0f \ub3d9\ub300\ud559\uc6d0 \uc878\uc5c5 \uc218\uc0c1 \uc2e4\uc8012024.02 COEX \uc5b8\ub354\uc6d4\ub4dc \ud30c\ub178\ub77c\ub9c8 \ub9ac\ub274\uc5bc, \ub3c5\uc77c iF \uc5b4\uc6cc\ub4dc \uc218\uc0c12021.08 \uc778\ucc9c\uacf5\ud56d \ud0a4\ub124\ud2f1 \uc870\uac01, \ub808\ub4dc\ub2f7(\ub3c5\uc77cRedDot) Winner2020.08 \uc0bc\uc131\uc804\uc790 Infinity Tower \uad11\uad50 \uac24\ub7ec\ub9ac\uc544, Spacial Design \ub808\ub4dc\ub2f7(\ub3c5\uc77cRedDot) Winner2019.08 Italia A Design Award Iron award2014.10 \uc624\ub298\uc758 \uc80a\uc740 \uc608\uc220\uac00\uc0c1 \ubbf8\uc220\ubd80\ubb38 (\ubb38\uccb4\ubd80 \uc7a5\uad00\uc0c1) [&hellip;]<\/p>\n","protected":false},"author":1,"featured_media":0,"parent":0,"menu_order":0,"comment_status":"closed","ping_status":"closed","template":"","meta":{"footnotes":""},"class_list":["post-34","page","type-page","status-publish","hentry"],"_links":{"self":[{"href":"https:\/\/yangminha.com\/index.php?rest_route=\/wp\/v2\/pages\/34","targetHints":{"allow":["GET"]}}],"collection":[{"href":"https:\/\/yangminha.com\/index.php?rest_route=\/wp\/v2\/pages"}],"about":[{"href":"https:\/\/yangminha.com\/index.php?rest_route=\/wp\/v2\/types\/page"}],"author":[{"embeddable":true,"href":"https:\/\/yangminha.com\/index.php?rest_route=\/wp\/v2\/users\/1"}],"replies":[{"embeddable":true,"href":"https:\/\/yangminha.com\/index.php?rest_route=%2Fwp%2Fv2%2Fcomments&post=34"}],"version-history":[{"count":6,"href":"https:\/\/yangminha.com\/index.php?rest_route=\/wp\/v2\/pages\/34\/revisions"}],"predecessor-version":[{"id":272,"href":"https:\/\/yangminha.com\/index.php?rest_route=\/wp\/v2\/pages\/34\/revisions\/272"}],"wp:attachment":[{"href":"https:\/\/yangminha.com\/index.php?rest_route=%2Fwp%2Fv2%2Fmedia&parent=34"}],"curies":[{"name":"wp","href":"https:\/\/api.w.org\/{rel}","templated":true}]}}